{"id":160,"date":"2013-12-06T15:43:10","date_gmt":"2013-12-06T15:43:10","guid":{"rendered":"http:\/\/novembro.pt\/portal\/?page_id=160"},"modified":"2022-07-20T15:45:18","modified_gmt":"2022-07-20T15:45:18","slug":"editorial-novembro","status":"publish","type":"page","link":"https:\/\/novembro.pt\/portal\/?page_id=160","title":{"rendered":"Editorial Novembro"},"content":{"rendered":"\t\t<div data-elementor-type=\"wp-post\" data-elementor-id=\"160\" class=\"elementor elementor-160\">\n\t\t\t\t\t\t<section class=\"elementor-section elementor-top-section elementor-element elementor-element-5aa6bbe elementor-section-boxed elementor-section-height-default elementor-section-height-default\" data-id=\"5aa6bbe\" data-element_type=\"section\" data-e-type=\"section\">\n\t\t\t\t\t\t<div class=\"elementor-container elementor-column-gap-default\">\n\t\t\t\t\t<div class=\"elementor-column elementor-col-100 elementor-top-column elementor-element elementor-element-d4d6da5\" data-id=\"d4d6da5\" data-element_type=\"column\" data-e-type=\"column\">\n\t\t\t<div class=\"elementor-widget-wrap elementor-element-populated\">\n\t\t\t\t\t\t<div class=\"elementor-element elementor-element-513643b elementor-widget elementor-widget-image\" data-id=\"513643b\" data-element_type=\"widget\" data-e-type=\"widget\" data-widget_type=\"image.default\">\n\t\t\t\t<div class=\"elementor-widget-container\">\n\t\t\t\t\t\t\t\t\t\t\t\t\t\t\t<img fetchpriority=\"high\" decoding=\"async\" width=\"259\" height=\"300\" src=\"https:\/\/novembro.pt\/portal\/wp-content\/uploads\/2019\/02\/logo-Editorial_70cm_LG-01-1-259x300.jpg\" class=\"attachment-medium size-medium wp-image-6128\" alt=\"\" srcset=\"https:\/\/novembro.pt\/portal\/wp-content\/uploads\/2019\/02\/logo-Editorial_70cm_LG-01-1-259x300.jpg 259w, https:\/\/novembro.pt\/portal\/wp-content\/uploads\/2019\/02\/logo-Editorial_70cm_LG-01-1-130x150.jpg 130w, https:\/\/novembro.pt\/portal\/wp-content\/uploads\/2019\/02\/logo-Editorial_70cm_LG-01-1-768x889.jpg 768w, https:\/\/novembro.pt\/portal\/wp-content\/uploads\/2019\/02\/logo-Editorial_70cm_LG-01-1-885x1024.jpg 885w, https:\/\/novembro.pt\/portal\/wp-content\/uploads\/2019\/02\/logo-Editorial_70cm_LG-01-1-691x800.jpg 691w, https:\/\/novembro.pt\/portal\/wp-content\/uploads\/2019\/02\/logo-Editorial_70cm_LG-01-1-346x400.jpg 346w\" sizes=\"(max-width: 259px) 100vw, 259px\" \/>\t\t\t\t\t\t\t\t\t\t\t\t\t\t\t<\/div>\n\t\t\t\t<\/div>\n\t\t\t\t\t<\/div>\n\t\t<\/div>\n\t\t\t\t\t<\/div>\n\t\t<\/section>\n\t\t\t\t<section class=\"elementor-section elementor-top-section elementor-element elementor-element-63a45fc elementor-section-boxed elementor-section-height-default elementor-section-height-default\" data-id=\"63a45fc\" data-element_type=\"section\" data-e-type=\"section\">\n\t\t\t\t\t\t<div class=\"elementor-container elementor-column-gap-default\">\n\t\t\t\t\t<div class=\"elementor-column elementor-col-100 elementor-top-column elementor-element elementor-element-cc57f65\" data-id=\"cc57f65\" data-element_type=\"column\" data-e-type=\"column\">\n\t\t\t<div class=\"elementor-widget-wrap elementor-element-populated\">\n\t\t\t\t\t\t<div class=\"elementor-element elementor-element-63e2759 elementor-widget elementor-widget-heading\" data-id=\"63e2759\" data-element_type=\"widget\" data-e-type=\"widget\" data-widget_type=\"heading.default\">\n\t\t\t\t<div class=\"elementor-widget-container\">\n\t\t\t\t\t<h2 class=\"elementor-heading-title elementor-size-default\">A Editorial Novembro \u00e9 uma marca do Grupo de Comunica\u00e7\u00e3o Novembro, criada em Portugal, no ano de 2006.<\/h2>\t\t\t\t<\/div>\n\t\t\t\t<\/div>\n\t\t\t\t\t<\/div>\n\t\t<\/div>\n\t\t\t\t\t<\/div>\n\t\t<\/section>\n\t\t\t\t<section class=\"elementor-section elementor-top-section elementor-element elementor-element-6205e196 elementor-section-boxed elementor-section-height-default elementor-section-height-default\" data-id=\"6205e196\" data-element_type=\"section\" data-e-type=\"section\">\n\t\t\t\t\t\t<div class=\"elementor-container elementor-column-gap-default\">\n\t\t\t\t\t<div class=\"elementor-column elementor-col-100 elementor-top-column elementor-element elementor-element-71e20f5c\" data-id=\"71e20f5c\" data-element_type=\"column\" data-e-type=\"column\">\n\t\t\t<div class=\"elementor-widget-wrap elementor-element-populated\">\n\t\t\t\t\t\t<div class=\"elementor-element elementor-element-52cf01f3 elementor-widget elementor-widget-text-editor\" data-id=\"52cf01f3\" data-element_type=\"widget\" data-e-type=\"widget\" data-widget_type=\"text-editor.default\">\n\t\t\t\t<div class=\"elementor-widget-container\">\n\t\t\t\t\t\t\t\t\t<p><span style=\"font-size: 21px; letter-spacing: 0.4px; background-color: transparent;\">Com um vasto cat\u00e1logo que abrange as diferentes \u00e1reas da literatura, destaca-se pela\u00a0 Cole\u00e7\u00e3o Nexus inteiramente dedicada \u00e0 publica\u00e7\u00e3o de monografias das mais diversificadas \u00e1reas t\u00e9cnico-cient\u00edficas.<\/span><\/p><p>Destaca-se pela produ\u00e7\u00e3o de eventos culturais multidisciplinares, de \u00e2mbito nacional e internacional, tais como o ESCRITARIA, em Penafiel, desde 2008; o Plast&amp;Cine, no Eixo Cultural do Douro e Bragan\u00e7a, desde 2010; o Concelho de Estado, em Arcos de Valdevez, entre 2012 e 2013, o Terra Justa, em Fafe, entre 2015 e 2017, O FFIL, Festival Internacional de Literatura, em Freixo de Espada \u00e0 Cinta, desde 2017; o FLB Festival Liter\u00e1rio de Bragan\u00e7a, o SAM SEMANA ARTE MULHER, uma bienal entre o Brasil e Portugal e o evento OCEANOS, Funchal Cidade Liter\u00e1ria.<\/p><p>Tem realizado, desde 2017, projetos culturais para\u00a0 a promo\u00e7\u00e3o e divulga\u00e7\u00e3o da L\u00edngua Portuguesa nos pa\u00edses da Lusofonia, nomeadamente no Brasil, em Mo\u00e7ambique e em Cabo Verde.<\/p><h2>\u00a0<\/h2><p><!-- \/wp:heading --><\/p>\t\t\t\t\t\t\t\t<\/div>\n\t\t\t\t<\/div>\n\t\t\t\t\t<\/div>\n\t\t<\/div>\n\t\t\t\t\t<\/div>\n\t\t<\/section>\n\t\t\t\t<section class=\"elementor-section elementor-top-section elementor-element elementor-element-181d797 elementor-section-boxed elementor-section-height-default elementor-section-height-default\" data-id=\"181d797\" data-element_type=\"section\" data-e-type=\"section\">\n\t\t\t\t\t\t<div class=\"elementor-container elementor-column-gap-default\">\n\t\t\t\t\t<div class=\"elementor-column elementor-col-100 elementor-top-column elementor-element elementor-element-0d56c8a\" data-id=\"0d56c8a\" data-element_type=\"column\" data-e-type=\"column\">\n\t\t\t<div class=\"elementor-widget-wrap elementor-element-populated\">\n\t\t\t\t\t\t<div class=\"elementor-element elementor-element-cb07759 elementor-widget elementor-widget-text-editor\" data-id=\"cb07759\" data-element_type=\"widget\" data-e-type=\"widget\" data-widget_type=\"text-editor.default\">\n\t\t\t\t<div class=\"elementor-widget-container\">\n\t\t\t\t\t\t\t\t\t<h5><b>Avelina Ferraz<\/b><\/h5><p>Editora-Produtora Cultural<\/p><p>Promotora Cultural da Lusofonia<\/p><p>CEO Founder Grupo de Comunica\u00e7\u00e3o Novembro<\/p><p>\u00a0<\/p>\t\t\t\t\t\t\t\t<\/div>\n\t\t\t\t<\/div>\n\t\t\t\t\t<\/div>\n\t\t<\/div>\n\t\t\t\t\t<\/div>\n\t\t<\/section>\n\t\t\t\t<section class=\"elementor-section elementor-top-section elementor-element elementor-element-df03514 elementor-section-boxed elementor-section-height-default elementor-section-height-default\" data-id=\"df03514\" data-element_type=\"section\" data-e-type=\"section\">\n\t\t\t\t\t\t<div class=\"elementor-container elementor-column-gap-default\">\n\t\t\t\t\t<div class=\"elementor-column elementor-col-100 elementor-top-column elementor-element elementor-element-e85369e\" data-id=\"e85369e\" data-element_type=\"column\" data-e-type=\"column\">\n\t\t\t<div class=\"elementor-widget-wrap\">\n\t\t\t\t\t\t\t<\/div>\n\t\t<\/div>\n\t\t\t\t\t<\/div>\n\t\t<\/section>\n\t\t\t\t<section class=\"elementor-section elementor-top-section elementor-element elementor-element-542d6dd elementor-section-boxed elementor-section-height-default elementor-section-height-default\" data-id=\"542d6dd\" data-element_type=\"section\" data-e-type=\"section\">\n\t\t\t\t\t\t<div class=\"elementor-container elementor-column-gap-default\">\n\t\t\t\t\t<div class=\"elementor-column elementor-col-100 elementor-top-column elementor-element elementor-element-6ccae76\" data-id=\"6ccae76\" data-element_type=\"column\" data-e-type=\"column\">\n\t\t\t<div class=\"elementor-widget-wrap elementor-element-populated\">\n\t\t\t\t\t\t<div class=\"elementor-element elementor-element-a981fd2 elementor-widget elementor-widget-text-editor\" data-id=\"a981fd2\" data-element_type=\"widget\" data-e-type=\"widget\" data-widget_type=\"text-editor.default\">\n\t\t\t\t<div class=\"elementor-widget-container\">\n\t\t\t\t\t\t\t\t\t<h2><a href=\"http:\/\/novembro.pt\/portal\/wp-content\/uploads\/2022\/07\/Catalogo_EDITORA_-julho-2022.pdf\">CAT\u00c1LOGO<\/a><\/h2>\t\t\t\t\t\t\t\t<\/div>\n\t\t\t\t<\/div>\n\t\t\t\t\t<\/div>\n\t\t<\/div>\n\t\t\t\t\t<\/div>\n\t\t<\/section>\n\t\t\t\t<\/div>\n\t\t","protected":false},"excerpt":{"rendered":"<p>A Editorial Novembro \u00e9 uma marca do Grupo de Comunica\u00e7\u00e3o Novembro, criada em Portugal, no ano de 2006. Com um vasto cat\u00e1logo que abrange as diferentes \u00e1reas da literatura, destaca-se pela\u00a0 Cole\u00e7\u00e3o Nexus inteiramente dedicada \u00e0 publica\u00e7\u00e3o de monografias das mais diversificadas \u00e1reas t\u00e9cnico-cient\u00edficas. Destaca-se&#8230;<\/p>\n","protected":false},"author":1,"featured_media":0,"parent":0,"menu_order":0,"comment_status":"closed","ping_status":"open","template":"","meta":{"footnotes":""},"class_list":["post-160","page","type-page","status-publish","hentry"],"_links":{"self":[{"href":"https:\/\/novembro.pt\/portal\/index.php?rest_route=\/wp\/v2\/pages\/160","targetHints":{"allow":["GET"]}}],"collection":[{"href":"https:\/\/novembro.pt\/portal\/index.php?rest_route=\/wp\/v2\/pages"}],"about":[{"href":"https:\/\/novembro.pt\/portal\/index.php?rest_route=\/wp\/v2\/types\/page"}],"author":[{"embeddable":true,"href":"https:\/\/novembro.pt\/portal\/index.php?rest_route=\/wp\/v2\/users\/1"}],"replies":[{"embeddable":true,"href":"https:\/\/novembro.pt\/portal\/index.php?rest_route=%2Fwp%2Fv2%2Fcomments&post=160"}],"version-history":[{"count":45,"href":"https:\/\/novembro.pt\/portal\/index.php?rest_route=\/wp\/v2\/pages\/160\/revisions"}],"predecessor-version":[{"id":8954,"href":"https:\/\/novembro.pt\/portal\/index.php?rest_route=\/wp\/v2\/pages\/160\/revisions\/8954"}],"wp:attachment":[{"href":"https:\/\/novembro.pt\/portal\/index.php?rest_route=%2Fwp%2Fv2%2Fmedia&parent=160"}],"curies":[{"name":"wp","href":"https:\/\/api.w.org\/{rel}","templated":true}]}}