{"id":162,"date":"2013-12-06T15:43:22","date_gmt":"2013-12-06T15:43:22","guid":{"rendered":"http:\/\/novembro.pt\/portal\/?page_id=162"},"modified":"2019-01-14T11:58:28","modified_gmt":"2019-01-14T11:58:28","slug":"edicoes-cao-menor","status":"publish","type":"page","link":"https:\/\/novembro.pt\/portal\/?page_id=162","title":{"rendered":"Edi\u00e7\u00f5es C\u00e3o Menor"},"content":{"rendered":"<div class=\"one-half\">\n<p>As Edi\u00e7\u00f5es C\u00e3o Menor \u00e9 uma marca do Grupo de Comunica\u00e7\u00e3o Novembro criada no ano de 2006.<\/p>\n<p>Para al\u00e9m da edi\u00e7\u00e3o de livros e filmes, com distribui\u00e7\u00e3o nacional, destaca-se pela realiza\u00e7\u00e3o de eventos culturais, onde se salientam os certames \u201cEscritaria\u201d e \u201cPlast&amp;Cine\u201d, espa\u00e7os de estudo e de tributo \u00e0 vida e obra de alguns dos mais relevantes escritores e artistas pl\u00e1sticos lus\u00f3fonos, como Urbano Tavares Rodrigues, Jos\u00e9 Saramago, Agustina Bessa-Lu\u00eds, Mia Couto, Ant\u00f3nio Lobo Antunes, Em\u00edlia Nadal, Jos\u00e9 Rodrigues, Cruzeiro Seixas e Roberto Chichorro.<\/p>\n<p>Avelina Ferraz<\/p>\n<p>CEO FOUNDER GRUPO DE COMUNICA\u00c7\u00c3O NOVEMBRO<\/p>\n<p>&nbsp;<\/p>\n<a target='_blank' href='http:\/\/novembro.pt\/portal\/wp-content\/uploads\/2014\/03\/cat\u00e1logo_caomenor.pdf' class='button large rounded grey'>Cat\u00e1logo C\u00e3o Menor<\/a>\n<\/div> <div class=\"one-half last\">\n<p style=\"text-align: center;\"><img fetchpriority=\"high\" decoding=\"async\" class=\"size-full wp-image-653 aligncenter\" src=\"http:\/\/novembro.pt\/portal\/wp-content\/uploads\/2013\/12\/caomenorlogo.jpg\" alt=\"caomenorlogo\" width=\"500\" height=\"300\" srcset=\"https:\/\/novembro.pt\/portal\/wp-content\/uploads\/2013\/12\/caomenorlogo.jpg 500w, https:\/\/novembro.pt\/portal\/wp-content\/uploads\/2013\/12\/caomenorlogo-150x90.jpg 150w, https:\/\/novembro.pt\/portal\/wp-content\/uploads\/2013\/12\/caomenorlogo-300x180.jpg 300w, https:\/\/novembro.pt\/portal\/wp-content\/uploads\/2013\/12\/caomenorlogo-400x240.jpg 400w\" sizes=\"(max-width: 500px) 100vw, 500px\" \/><\/p>\n<p style=\"text-align: center;\"><\/div>\n<p style=\"text-align: center;\"><img decoding=\"async\" class=\"alignnone size-full wp-image-693\" src=\"http:\/\/novembro.pt\/portal\/wp-content\/uploads\/2013\/12\/cao_001.jpg\" alt=\"cao_001\" width=\"960\" height=\"640\" srcset=\"https:\/\/novembro.pt\/portal\/wp-content\/uploads\/2013\/12\/cao_001.jpg 960w, https:\/\/novembro.pt\/portal\/wp-content\/uploads\/2013\/12\/cao_001-150x100.jpg 150w, https:\/\/novembro.pt\/portal\/wp-content\/uploads\/2013\/12\/cao_001-300x200.jpg 300w, https:\/\/novembro.pt\/portal\/wp-content\/uploads\/2013\/12\/cao_001-400x266.jpg 400w\" sizes=\"(max-width: 960px) 100vw, 960px\" \/><\/p>\n<p style=\"text-align: center;\"><img decoding=\"async\" class=\"alignnone size-full wp-image-694\" src=\"http:\/\/novembro.pt\/portal\/wp-content\/uploads\/2013\/12\/cao_002.jpg\" alt=\"cao_002\" width=\"960\" height=\"640\" srcset=\"https:\/\/novembro.pt\/portal\/wp-content\/uploads\/2013\/12\/cao_002.jpg 960w, https:\/\/novembro.pt\/portal\/wp-content\/uploads\/2013\/12\/cao_002-150x100.jpg 150w, https:\/\/novembro.pt\/portal\/wp-content\/uploads\/2013\/12\/cao_002-300x200.jpg 300w, https:\/\/novembro.pt\/portal\/wp-content\/uploads\/2013\/12\/cao_002-400x266.jpg 400w\" sizes=\"(max-width: 960px) 100vw, 960px\" \/><\/p>\n<p style=\"text-align: center;\"><img loading=\"lazy\" decoding=\"async\" class=\"alignnone size-full wp-image-695\" src=\"http:\/\/novembro.pt\/portal\/wp-content\/uploads\/2013\/12\/cao_003.jpg\" alt=\"cao_003\" width=\"960\" height=\"640\" srcset=\"https:\/\/novembro.pt\/portal\/wp-content\/uploads\/2013\/12\/cao_003.jpg 960w, https:\/\/novembro.pt\/portal\/wp-content\/uploads\/2013\/12\/cao_003-150x100.jpg 150w, https:\/\/novembro.pt\/portal\/wp-content\/uploads\/2013\/12\/cao_003-300x200.jpg 300w, https:\/\/novembro.pt\/portal\/wp-content\/uploads\/2013\/12\/cao_003-400x266.jpg 400w\" sizes=\"(max-width: 960px) 100vw, 960px\" \/><\/p>\n<p style=\"text-align: center;\"><img loading=\"lazy\" decoding=\"async\" class=\"alignnone size-full wp-image-696\" src=\"http:\/\/novembro.pt\/portal\/wp-content\/uploads\/2013\/12\/cao_004.jpg\" alt=\"cao_004\" width=\"960\" height=\"640\" srcset=\"https:\/\/novembro.pt\/portal\/wp-content\/uploads\/2013\/12\/cao_004.jpg 960w, https:\/\/novembro.pt\/portal\/wp-content\/uploads\/2013\/12\/cao_004-150x100.jpg 150w, https:\/\/novembro.pt\/portal\/wp-content\/uploads\/2013\/12\/cao_004-300x200.jpg 300w, https:\/\/novembro.pt\/portal\/wp-content\/uploads\/2013\/12\/cao_004-400x266.jpg 400w\" sizes=\"(max-width: 960px) 100vw, 960px\" \/><\/p>\n<p style=\"text-align: center;\"><img loading=\"lazy\" decoding=\"async\" class=\"alignnone size-full wp-image-697\" src=\"http:\/\/novembro.pt\/portal\/wp-content\/uploads\/2013\/12\/cao_005.jpg\" alt=\"cao_005\" width=\"960\" height=\"640\" srcset=\"https:\/\/novembro.pt\/portal\/wp-content\/uploads\/2013\/12\/cao_005.jpg 960w, https:\/\/novembro.pt\/portal\/wp-content\/uploads\/2013\/12\/cao_005-150x100.jpg 150w, https:\/\/novembro.pt\/portal\/wp-content\/uploads\/2013\/12\/cao_005-300x200.jpg 300w, https:\/\/novembro.pt\/portal\/wp-content\/uploads\/2013\/12\/cao_005-400x266.jpg 400w\" sizes=\"(max-width: 960px) 100vw, 960px\" \/><\/p>\n","protected":false},"excerpt":{"rendered":"","protected":false},"author":1,"featured_media":0,"parent":0,"menu_order":0,"comment_status":"closed","ping_status":"open","template":"","meta":{"footnotes":""},"class_list":["post-162","page","type-page","status-publish","hentry"],"_links":{"self":[{"href":"https:\/\/novembro.pt\/portal\/index.php?rest_route=\/wp\/v2\/pages\/162","targetHints":{"allow":["GET"]}}],"collection":[{"href":"https:\/\/novembro.pt\/portal\/index.php?rest_route=\/wp\/v2\/pages"}],"about":[{"href":"https:\/\/novembro.pt\/portal\/index.php?rest_route=\/wp\/v2\/types\/page"}],"author":[{"embeddable":true,"href":"https:\/\/novembro.pt\/portal\/index.php?rest_route=\/wp\/v2\/users\/1"}],"replies":[{"embeddable":true,"href":"https:\/\/novembro.pt\/portal\/index.php?rest_route=%2Fwp%2Fv2%2Fcomments&post=162"}],"version-history":[{"count":14,"href":"https:\/\/novembro.pt\/portal\/index.php?rest_route=\/wp\/v2\/pages\/162\/revisions"}],"predecessor-version":[{"id":5843,"href":"https:\/\/novembro.pt\/portal\/index.php?rest_route=\/wp\/v2\/pages\/162\/revisions\/5843"}],"wp:attachment":[{"href":"https:\/\/novembro.pt\/portal\/index.php?rest_route=%2Fwp%2Fv2%2Fmedia&parent=162"}],"curies":[{"name":"wp","href":"https:\/\/api.w.org\/{rel}","templated":true}]}}