{"id":22,"date":"2013-03-04T15:42:27","date_gmt":"2013-03-04T15:42:27","guid":{"rendered":"http:\/\/novembro.pt\/portal\/?page_id=22"},"modified":"2022-07-20T15:51:38","modified_gmt":"2022-07-20T15:51:38","slug":"quem-somos","status":"publish","type":"page","link":"https:\/\/novembro.pt\/portal\/?page_id=22","title":{"rendered":"O Grupo"},"content":{"rendered":"\t\t<div data-elementor-type=\"wp-post\" data-elementor-id=\"22\" class=\"elementor elementor-22\">\n\t\t\t\t\t\t<section class=\"elementor-section elementor-top-section elementor-element elementor-element-29ab912 elementor-section-boxed elementor-section-height-default elementor-section-height-default\" data-id=\"29ab912\" data-element_type=\"section\" data-e-type=\"section\">\n\t\t\t\t\t\t<div class=\"elementor-container elementor-column-gap-default\">\n\t\t\t\t\t<div class=\"elementor-column elementor-col-50 elementor-top-column elementor-element elementor-element-6eb6692\" data-id=\"6eb6692\" data-element_type=\"column\" data-e-type=\"column\">\n\t\t\t<div class=\"elementor-widget-wrap elementor-element-populated\">\n\t\t\t\t\t\t<div class=\"elementor-element elementor-element-e889aa2 elementor-widget elementor-widget-text-editor\" data-id=\"e889aa2\" data-element_type=\"widget\" data-e-type=\"widget\" data-widget_type=\"text-editor.default\">\n\t\t\t\t<div class=\"elementor-widget-container\">\n\t\t\t\t\t\t\t\t\t<p>O Grupo de Comunica\u00e7\u00e3o Novembro foi criado em 2006, sendo composto pelas chancelas editoriais Editorial Novembro e Edi\u00e7\u00f5es C\u00e3o Menor e pela associa\u00e7\u00e3o Novembro Educa.<\/p><p>Para al\u00e9m da edi\u00e7\u00e3o de livros e document\u00e1rios, com distribui\u00e7\u00e3o nacional, nos pa\u00edses lus\u00f3fonos e em alguns pa\u00edses da Europa, o Grupo de Comunica\u00e7\u00e3o Novembro tem vindo, anualmente, a realizar eventos de grande relev\u00e2ncia social e cultural de dimens\u00e3o nacional e internacional.<\/p><p>Salientamos os eventos multidisciplinares culturais que produzimos em parceria com alguns munic\u00edpios, acolhedores e realizadores do evento, tais como o \u201cConcelho de Estado\u201d, em Arcos de Valdevez, o \u201cEscritaria em Penafiel\u201d, o \u201cPlast&amp;Cine\u201d e o \u201cFLB \u2013 Festival Liter\u00e1rio de Bragan\u00e7a\u201d, em Bragan\u00e7a, o \u201cTerra Justa, Encontro Internacional de Causas e Valores da Humanidade \u2013 em Fafe\u201d, o\u201d FFIL, Freixo Festival Internacional de Literatura\u201d, em Freixo de Espada \u00e0 Cinta, o \u201cSemana Arte Mulher\u201d na Figueira da Foz e\u00a0o evento \u201cOCEANOS, Funchal Cidade Liter\u00e1ria\u201d, no Funchal.<\/p><p>Desde 2013 que temos estabelecida uma parceria\u00a0com a\u00a0institui\u00e7\u00e3o\u00a0internacional Green Cross International, cujo\u00a0fundador\u00a0\u00e9\u00a0Mikhail Gorbachev,\u00a0onde participamos nas celebra\u00e7\u00f5es dos 20 anos de exist\u00eancia desta ONG, realizadas\u00a0a 2 e 3 de\u00a0setembro no\u00a0Pal\u00e1cio\u00a0das\u00a0Na\u00e7\u00f5es\u00a0Unidas\u00a0e Centro Internacional\u00a0de\u00a0Congressos\u00a0de\u00a0Genebra, participando, desde ent\u00e3o, nas atividades por ela desenvolvidas.<\/p><p>Com val\u00eancias nas \u00e1reas da produ\u00e7\u00e3o cultural, multim\u00e9dia, design, edi\u00e7\u00e3o de livros, comunica\u00e7\u00e3o e assessoria de imprensa, desenvolvemos, ainda, trabalhos com empresas, autarquias, universidades e organismos p\u00fablicos nacionais\u00a0 e internacionais.<\/p><p>Em 2018 inici\u00e1mos um projeto de internacionaliza\u00e7\u00e3o, no \u00e2mbito do Portugal 2020, cujo objetivo principal \u00e9 promover a L\u00edngua e Literatura Portuguesa, e desenvolver os processos de multiculturalidade e interculturalidade entre os pa\u00edses da Lusofonia.<\/p><p>A par de todas estas iniciativas foi fundada a associa\u00e7\u00e3o Novembro Educa, criada para desenvolver a\u00e7\u00f5es de car\u00e1ter sustent\u00e1vel e de inclus\u00e3o, no setor da Cultura e da Educa\u00e7\u00e3o.<\/p><p>Avelina Ferraz<\/p><p>CEO FOUNDER GRUPO DE COMUNICA\u00c7\u00c3O NOVEMBRO<\/p>\t\t\t\t\t\t\t\t<\/div>\n\t\t\t\t<\/div>\n\t\t\t\t\t<\/div>\n\t\t<\/div>\n\t\t\t\t<div class=\"elementor-column elementor-col-50 elementor-top-column elementor-element elementor-element-d3947b7\" data-id=\"d3947b7\" data-element_type=\"column\" data-e-type=\"column\">\n\t\t\t<div class=\"elementor-widget-wrap elementor-element-populated\">\n\t\t\t\t\t\t\t<\/div>\n\t\t<\/div>\n\t\t\t\t\t<\/div>\n\t\t<\/section>\n\t\t\t\t<section class=\"elementor-section elementor-top-section elementor-element elementor-element-a0798c0 elementor-section-boxed elementor-section-height-default elementor-section-height-default\" data-id=\"a0798c0\" data-element_type=\"section\" data-e-type=\"section\">\n\t\t\t\t\t\t<div class=\"elementor-container elementor-column-gap-default\">\n\t\t\t\t\t<div class=\"elementor-column elementor-col-100 elementor-top-column elementor-element elementor-element-c21cd7a\" data-id=\"c21cd7a\" data-element_type=\"column\" data-e-type=\"column\">\n\t\t\t<div class=\"elementor-widget-wrap elementor-element-populated\">\n\t\t\t\t\t\t<div class=\"elementor-element elementor-element-d8bd06b elementor-widget elementor-widget-button\" data-id=\"d8bd06b\" data-element_type=\"widget\" data-e-type=\"widget\" data-widget_type=\"button.default\">\n\t\t\t\t<div class=\"elementor-widget-container\">\n\t\t\t\t\t\t\t\t\t<div class=\"elementor-button-wrapper\">\n\t\t\t\t\t<a class=\"elementor-button elementor-button-link elementor-size-sm\" href=\"http:\/\/novembro.pt\/portal\/wp-content\/uploads\/2022\/07\/Dossier_Editora_2022.pdf\" target=\"_blank\">\n\t\t\t\t\t\t<span class=\"elementor-button-content-wrapper\">\n\t\t\t\t\t\t\t\t\t<span class=\"elementor-button-text\">Apresenta\u00e7\u00e3o PDF<\/span>\n\t\t\t\t\t<\/span>\n\t\t\t\t\t<\/a>\n\t\t\t\t<\/div>\n\t\t\t\t\t\t\t\t<\/div>\n\t\t\t\t<\/div>\n\t\t\t\t\t<\/div>\n\t\t<\/div>\n\t\t\t\t\t<\/div>\n\t\t<\/section>\n\t\t\t\t<\/div>\n\t\t","protected":false},"excerpt":{"rendered":"<p>O Grupo de Comunica\u00e7\u00e3o Novembro foi criado em 2006, sendo composto pelas chancelas editoriais Editorial Novembro e Edi\u00e7\u00f5es C\u00e3o Menor e pela associa\u00e7\u00e3o Novembro Educa. Para al\u00e9m da edi\u00e7\u00e3o de livros e document\u00e1rios, com distribui\u00e7\u00e3o nacional, nos pa\u00edses lus\u00f3fonos e em alguns pa\u00edses da Europa,&#8230;<\/p>\n","protected":false},"author":1,"featured_media":0,"parent":0,"menu_order":0,"comment_status":"open","ping_status":"open","template":"","meta":{"footnotes":""},"class_list":["post-22","page","type-page","status-publish","hentry"],"_links":{"self":[{"href":"https:\/\/novembro.pt\/portal\/index.php?rest_route=\/wp\/v2\/pages\/22","targetHints":{"allow":["GET"]}}],"collection":[{"href":"https:\/\/novembro.pt\/portal\/index.php?rest_route=\/wp\/v2\/pages"}],"about":[{"href":"https:\/\/novembro.pt\/portal\/index.php?rest_route=\/wp\/v2\/types\/page"}],"author":[{"embeddable":true,"href":"https:\/\/novembro.pt\/portal\/index.php?rest_route=\/wp\/v2\/users\/1"}],"replies":[{"embeddable":true,"href":"https:\/\/novembro.pt\/portal\/index.php?rest_route=%2Fwp%2Fv2%2Fcomments&post=22"}],"version-history":[{"count":98,"href":"https:\/\/novembro.pt\/portal\/index.php?rest_route=\/wp\/v2\/pages\/22\/revisions"}],"predecessor-version":[{"id":8961,"href":"https:\/\/novembro.pt\/portal\/index.php?rest_route=\/wp\/v2\/pages\/22\/revisions\/8961"}],"wp:attachment":[{"href":"https:\/\/novembro.pt\/portal\/index.php?rest_route=%2Fwp%2Fv2%2Fmedia&parent=22"}],"curies":[{"name":"wp","href":"https:\/\/api.w.org\/{rel}","templated":true}]}}