{"id":5829,"date":"2019-01-11T11:24:11","date_gmt":"2019-01-11T11:24:11","guid":{"rendered":"http:\/\/novembro.pt\/portal\/?page_id=5829"},"modified":"2021-05-26T14:19:16","modified_gmt":"2021-05-26T14:19:16","slug":"novembro-educa-3","status":"publish","type":"page","link":"https:\/\/novembro.pt\/portal\/?page_id=5829","title":{"rendered":"Novembro Educa"},"content":{"rendered":"\t\t<div data-elementor-type=\"wp-post\" data-elementor-id=\"5829\" class=\"elementor elementor-5829\">\n\t\t\t\t\t\t<section class=\"elementor-section elementor-top-section elementor-element elementor-element-2b877ac elementor-section-boxed elementor-section-height-default elementor-section-height-default\" data-id=\"2b877ac\" data-element_type=\"section\" data-e-type=\"section\">\n\t\t\t\t\t\t<div class=\"elementor-container elementor-column-gap-default\">\n\t\t\t\t\t<div class=\"elementor-column elementor-col-100 elementor-top-column elementor-element elementor-element-92dc439\" data-id=\"92dc439\" data-element_type=\"column\" data-e-type=\"column\">\n\t\t\t<div class=\"elementor-widget-wrap elementor-element-populated\">\n\t\t\t\t\t\t<div class=\"elementor-element elementor-element-817a4a7 elementor-widget elementor-widget-image\" data-id=\"817a4a7\" data-element_type=\"widget\" data-e-type=\"widget\" data-widget_type=\"image.default\">\n\t\t\t\t<div class=\"elementor-widget-container\">\n\t\t\t\t\t\t\t\t\t\t\t\t\t\t\t<img fetchpriority=\"high\" decoding=\"async\" width=\"575\" height=\"400\" src=\"https:\/\/novembro.pt\/portal\/wp-content\/uploads\/2019\/01\/Novembro-educa-575x400.jpg\" class=\"attachment-mbt_endorsement_image size-mbt_endorsement_image wp-image-5810\" alt=\"\" srcset=\"https:\/\/novembro.pt\/portal\/wp-content\/uploads\/2019\/01\/Novembro-educa-575x400.jpg 575w, https:\/\/novembro.pt\/portal\/wp-content\/uploads\/2019\/01\/Novembro-educa-150x104.jpg 150w, https:\/\/novembro.pt\/portal\/wp-content\/uploads\/2019\/01\/Novembro-educa-300x209.jpg 300w, https:\/\/novembro.pt\/portal\/wp-content\/uploads\/2019\/01\/Novembro-educa-768x535.jpg 768w, https:\/\/novembro.pt\/portal\/wp-content\/uploads\/2019\/01\/Novembro-educa-1024x713.jpg 1024w, https:\/\/novembro.pt\/portal\/wp-content\/uploads\/2019\/01\/Novembro-educa-800x557.jpg 800w, https:\/\/novembro.pt\/portal\/wp-content\/uploads\/2019\/01\/Novembro-educa.jpg 1181w\" sizes=\"(max-width: 575px) 100vw, 575px\" \/>\t\t\t\t\t\t\t\t\t\t\t\t\t\t\t<\/div>\n\t\t\t\t<\/div>\n\t\t\t\t\t<\/div>\n\t\t<\/div>\n\t\t\t\t\t<\/div>\n\t\t<\/section>\n\t\t\t\t<section class=\"elementor-section elementor-top-section elementor-element elementor-element-5db91b7 elementor-section-boxed elementor-section-height-default elementor-section-height-default\" data-id=\"5db91b7\" data-element_type=\"section\" data-e-type=\"section\">\n\t\t\t\t\t\t<div class=\"elementor-container elementor-column-gap-default\">\n\t\t\t\t\t<div class=\"elementor-column elementor-col-50 elementor-top-column elementor-element elementor-element-eef9d47\" data-id=\"eef9d47\" data-element_type=\"column\" data-e-type=\"column\">\n\t\t\t<div class=\"elementor-widget-wrap elementor-element-populated\">\n\t\t\t\t\t\t<div class=\"elementor-element elementor-element-2298d9d elementor-widget elementor-widget-text-editor\" data-id=\"2298d9d\" data-element_type=\"widget\" data-e-type=\"widget\" data-widget_type=\"text-editor.default\">\n\t\t\t\t<div class=\"elementor-widget-container\">\n\t\t\t\t\t\t\t\t\t<p>Desde 2007 que a Editorial Novembro, chancela do Grupo de Comunica\u00e7\u00e3o Novembro, tem vindo a desenvolver a\u00e7\u00f5es de \u00e2mbito cultural, que, sendo multidisciplinares, t\u00eam desenvolvido projetos de multiculturalidade e interculturalidade, em Portugal e em pa\u00edses da Lusofonia, no que respeita ao desenvolvimento sustent\u00e1vel no sector da cultura e da educa\u00e7\u00e3o.<\/p><p>Educar tem sido o objetivo pioneiro, para assim conseguirmos uma cidadania mais culta e por isso mais positivamente interventiva.<\/p><p>As fragilidades dos la\u00e7os sociais e familiares s\u00e3o cada vez maiores e a edifica\u00e7\u00e3o de uma sociedade inclusiva, solid\u00e1ria e verdadeiramente educadora ser\u00e1 o pilar para o desenvolvimento sustent\u00e1vel humano, e, por consequ\u00eancia, do nosso planeta.<\/p><p>A partilha do conhecimento \u00e9 cada vez mais essencial; e \u00e9 junto das sociedades mais carenciadas que pretendemos intervir atrav\u00e9s de a\u00e7\u00f5es de forma\u00e7\u00e3o no \u00e2mbito da leitura, da escrita e dos direitos humanos, promovendo o gosto pelo conhecimento, como \u00fanico ve\u00edculo para o progresso do Homem, de forma sustent\u00e1vel.<\/p>\t\t\t\t\t\t\t\t<\/div>\n\t\t\t\t<\/div>\n\t\t\t\t\t<\/div>\n\t\t<\/div>\n\t\t\t\t<div class=\"elementor-column elementor-col-50 elementor-top-column elementor-element elementor-element-0b96184\" data-id=\"0b96184\" data-element_type=\"column\" data-e-type=\"column\">\n\t\t\t<div class=\"elementor-widget-wrap elementor-element-populated\">\n\t\t\t\t\t\t<div class=\"elementor-element elementor-element-bd3f038 elementor-widget elementor-widget-text-editor\" data-id=\"bd3f038\" data-element_type=\"widget\" data-e-type=\"widget\" data-widget_type=\"text-editor.default\">\n\t\t\t\t<div class=\"elementor-widget-container\">\n\t\t\t\t\t\t\t\t\t<p>Atrav\u00e9s da associa\u00e7\u00e3o sem fins lucrativos Novembro Educa , fundada em 2018, pretendemos desenvolver a\u00e7\u00f5es nos pa\u00edses de express\u00e3o de L\u00edngua Portuguesa, atrav\u00e9s de apresenta\u00e7\u00f5es de livros, com atividades l\u00fadicas, que passam por contadores de hist\u00f3rias, circo, teatro, m\u00fasica, entre outros momentos capazes de captar a aten\u00e7\u00e3o de crian\u00e7as e adolescentes e promover junto deles o interesse pela sua cultura e a sua valoriza\u00e7\u00e3o, conduzindo-os a elaborar e coordenar projetos, tais como a constru\u00e7\u00e3o de bibliotecas, escolas e centros de forma\u00e7\u00e3o para adultos, que a Associa\u00e7\u00e3o ajudar\u00e1 a concretizar atrav\u00e9s da doa\u00e7\u00e3o de livros, material escolar e a\u00e7\u00f5es de forma\u00e7\u00e3o.<\/p><p>\u00a0<\/p><p>\u00a0<\/p>\t\t\t\t\t\t\t\t<\/div>\n\t\t\t\t<\/div>\n\t\t\t\t\t<\/div>\n\t\t<\/div>\n\t\t\t\t\t<\/div>\n\t\t<\/section>\n\t\t\t\t<section class=\"elementor-section elementor-top-section elementor-element elementor-element-9f639b1 elementor-section-boxed elementor-section-height-default elementor-section-height-default\" data-id=\"9f639b1\" data-element_type=\"section\" data-e-type=\"section\">\n\t\t\t\t\t\t<div class=\"elementor-container elementor-column-gap-default\">\n\t\t\t\t\t<div class=\"elementor-column elementor-col-50 elementor-top-column elementor-element elementor-element-5cf2580\" data-id=\"5cf2580\" data-element_type=\"column\" data-e-type=\"column\">\n\t\t\t<div class=\"elementor-widget-wrap elementor-element-populated\">\n\t\t\t\t\t\t<div class=\"elementor-element elementor-element-9cc2fdc elementor-widget elementor-widget-image\" data-id=\"9cc2fdc\" data-element_type=\"widget\" data-e-type=\"widget\" data-widget_type=\"image.default\">\n\t\t\t\t<div class=\"elementor-widget-container\">\n\t\t\t\t\t\t\t\t\t\t\t\t\t\t\t<img decoding=\"async\" width=\"1024\" height=\"826\" src=\"https:\/\/novembro.pt\/portal\/wp-content\/uploads\/2019\/12\/LOGO-BLILI_principal-01-1024x826.jpg\" class=\"attachment-large size-large wp-image-7071\" alt=\"\" srcset=\"https:\/\/novembro.pt\/portal\/wp-content\/uploads\/2019\/12\/LOGO-BLILI_principal-01-1024x826.jpg 1024w, https:\/\/novembro.pt\/portal\/wp-content\/uploads\/2019\/12\/LOGO-BLILI_principal-01-300x242.jpg 300w, https:\/\/novembro.pt\/portal\/wp-content\/uploads\/2019\/12\/LOGO-BLILI_principal-01-150x121.jpg 150w, https:\/\/novembro.pt\/portal\/wp-content\/uploads\/2019\/12\/LOGO-BLILI_principal-01-768x620.jpg 768w, https:\/\/novembro.pt\/portal\/wp-content\/uploads\/2019\/12\/LOGO-BLILI_principal-01-800x645.jpg 800w, https:\/\/novembro.pt\/portal\/wp-content\/uploads\/2019\/12\/LOGO-BLILI_principal-01-496x400.jpg 496w, https:\/\/novembro.pt\/portal\/wp-content\/uploads\/2019\/12\/LOGO-BLILI_principal-01.jpg 1521w\" sizes=\"(max-width: 1024px) 100vw, 1024px\" \/>\t\t\t\t\t\t\t\t\t\t\t\t\t\t\t<\/div>\n\t\t\t\t<\/div>\n\t\t\t\t\t<\/div>\n\t\t<\/div>\n\t\t\t\t<div class=\"elementor-column elementor-col-50 elementor-top-column elementor-element elementor-element-2339d5c\" data-id=\"2339d5c\" data-element_type=\"column\" data-e-type=\"column\">\n\t\t\t<div class=\"elementor-widget-wrap elementor-element-populated\">\n\t\t\t\t\t\t<div class=\"elementor-element elementor-element-5a9bd2b elementor-widget elementor-widget-text-editor\" data-id=\"5a9bd2b\" data-element_type=\"widget\" data-e-type=\"widget\" data-widget_type=\"text-editor.default\">\n\t\t\t\t<div class=\"elementor-widget-container\">\n\t\t\t\t\t\t\t\t\t<p>\u00a0<\/p><p>BLILI &#8211; Bibliotecas Lus\u00f3fonas Itinerantes de L\u00edngua<br \/>Portuguesa \u00e9 um projeto pioneiro que tem por base<br \/>a constru\u00e7\u00e3o de bibliotecas em escolas e centros de<br \/>forma\u00e7\u00e3o para crian\u00e7as, adolescentes e adultos, nos<br \/>pa\u00edses de express\u00e3o de L\u00edngua Portuguesa.<\/p>\t\t\t\t\t\t\t\t<\/div>\n\t\t\t\t<\/div>\n\t\t\t\t\t<\/div>\n\t\t<\/div>\n\t\t\t\t\t<\/div>\n\t\t<\/section>\n\t\t\t\t<section class=\"elementor-section elementor-top-section elementor-element elementor-element-ff47905 elementor-section-boxed elementor-section-height-default elementor-section-height-default\" data-id=\"ff47905\" data-element_type=\"section\" data-e-type=\"section\">\n\t\t\t\t\t\t<div class=\"elementor-container elementor-column-gap-default\">\n\t\t\t\t\t<div class=\"elementor-column elementor-col-100 elementor-top-column elementor-element elementor-element-ec2a19a\" data-id=\"ec2a19a\" data-element_type=\"column\" data-e-type=\"column\">\n\t\t\t<div class=\"elementor-widget-wrap elementor-element-populated\">\n\t\t\t\t\t\t<div class=\"elementor-element elementor-element-f491c1c elementor-widget elementor-widget-text-editor\" data-id=\"f491c1c\" data-element_type=\"widget\" data-e-type=\"widget\" data-widget_type=\"text-editor.default\">\n\t\t\t\t<div class=\"elementor-widget-container\">\n\t\t\t\t\t\t\t\t\t<p>\u00a0<\/p><p><span style=\"color: #000000;\"><strong>A NOVEMBRO EDUCA PRETENDE NAS SUAS A\u00c7\u00d5ES:<\/strong><\/span><\/p><p><span style=\"color: #000000;\"><strong>DIRIGIR\u2026 ENCAMINHAR E DOUTRINAR PARA A CIDADANIA &#8211; Interligar os direitos e deveres, pois s\u00f3 o respeito e cumprimento de ambos contribuem para uma sociedade mais equilibrada e justa.<\/strong><\/span><\/p><p>\u00a0<\/p>\t\t\t\t\t\t\t\t<\/div>\n\t\t\t\t<\/div>\n\t\t\t\t\t<\/div>\n\t\t<\/div>\n\t\t\t\t\t<\/div>\n\t\t<\/section>\n\t\t\t\t<section class=\"elementor-section elementor-top-section elementor-element elementor-element-c3d6fe7 elementor-section-boxed elementor-section-height-default elementor-section-height-default\" data-id=\"c3d6fe7\" data-element_type=\"section\" data-e-type=\"section\">\n\t\t\t\t\t\t<div class=\"elementor-container elementor-column-gap-default\">\n\t\t\t\t\t<div class=\"elementor-column elementor-col-100 elementor-top-column elementor-element elementor-element-8bb88b1\" data-id=\"8bb88b1\" data-element_type=\"column\" data-e-type=\"column\">\n\t\t\t<div class=\"elementor-widget-wrap elementor-element-populated\">\n\t\t\t\t\t\t<div class=\"elementor-element elementor-element-eb50634 elementor-widget elementor-widget-text-editor\" data-id=\"eb50634\" data-element_type=\"widget\" data-e-type=\"widget\" data-widget_type=\"text-editor.default\">\n\t\t\t\t<div class=\"elementor-widget-container\">\n\t\t\t\t\t\t\t\t\t<p><em>Ler e imaginar s\u00e3o duas das tr\u00eas portas principais \u2014 a curiosidade \u00e9 a terceira \u2014 por onde se acede ao conhecimento das coisas. Sem antes ter aberto de par em par as portas da imagina\u00e7\u00e3o, da curiosidade e da leitura \u2014 n\u00e3o esque\u00e7amos que quem diz leitura diz estudo\u2014, n\u00e3o se vai muito longe na compreens\u00e3o do mundo e de si mesmo.<\/em><\/p><p><em>In Cadernos de Lanzarote, de Jos\u00e9 Saramago<\/em><\/p><p><em>\u00a0<\/em><\/p>\t\t\t\t\t\t\t\t<\/div>\n\t\t\t\t<\/div>\n\t\t\t\t\t<\/div>\n\t\t<\/div>\n\t\t\t\t\t<\/div>\n\t\t<\/section>\n\t\t\t\t<section class=\"elementor-section elementor-top-section elementor-element elementor-element-2ce20e5 elementor-section-boxed elementor-section-height-default elementor-section-height-default\" data-id=\"2ce20e5\" data-element_type=\"section\" data-e-type=\"section\">\n\t\t\t\t\t\t<div class=\"elementor-container elementor-column-gap-default\">\n\t\t\t\t\t<div class=\"elementor-column elementor-col-50 elementor-top-column elementor-element elementor-element-5a650c9\" data-id=\"5a650c9\" data-element_type=\"column\" data-e-type=\"column\">\n\t\t\t<div class=\"elementor-widget-wrap elementor-element-populated\">\n\t\t\t\t\t\t<div class=\"elementor-element elementor-element-0da54ef elementor-widget elementor-widget-text-editor\" data-id=\"0da54ef\" data-element_type=\"widget\" data-e-type=\"widget\" data-widget_type=\"text-editor.default\">\n\t\t\t\t<div class=\"elementor-widget-container\">\n\t\t\t\t\t\t\t\t\t<p>Avelina Ferraz<\/p><p>CEO FOUNDER GRUPO DE COMUNICA\u00c7\u00c3O NOVEMBRO<\/p>\t\t\t\t\t\t\t\t<\/div>\n\t\t\t\t<\/div>\n\t\t\t\t\t<\/div>\n\t\t<\/div>\n\t\t\t\t<div class=\"elementor-column elementor-col-50 elementor-top-column elementor-element elementor-element-5a59c93\" data-id=\"5a59c93\" data-element_type=\"column\" data-e-type=\"column\">\n\t\t\t<div class=\"elementor-widget-wrap\">\n\t\t\t\t\t\t\t<\/div>\n\t\t<\/div>\n\t\t\t\t\t<\/div>\n\t\t<\/section>\n\t\t\t\t<section class=\"elementor-section elementor-top-section elementor-element elementor-element-93b09c2 elementor-section-boxed elementor-section-height-default elementor-section-height-default\" data-id=\"93b09c2\" data-element_type=\"section\" data-e-type=\"section\">\n\t\t\t\t\t\t<div class=\"elementor-container elementor-column-gap-default\">\n\t\t\t\t\t<div class=\"elementor-column elementor-col-50 elementor-top-column elementor-element elementor-element-9d0c7be\" data-id=\"9d0c7be\" data-element_type=\"column\" data-e-type=\"column\">\n\t\t\t<div class=\"elementor-widget-wrap elementor-element-populated\">\n\t\t\t\t\t\t<div class=\"elementor-element elementor-element-16db331 elementor-widget elementor-widget-image\" data-id=\"16db331\" data-element_type=\"widget\" data-e-type=\"widget\" data-widget_type=\"image.default\">\n\t\t\t\t<div class=\"elementor-widget-container\">\n\t\t\t\t\t\t\t\t\t\t\t\t\t\t\t<img decoding=\"async\" width=\"960\" height=\"960\" src=\"https:\/\/novembro.pt\/portal\/wp-content\/uploads\/2021\/05\/90650451_3691296937610966_5494988386932359168_n.jpg\" class=\"attachment-large size-large wp-image-8154\" alt=\"\" srcset=\"https:\/\/novembro.pt\/portal\/wp-content\/uploads\/2021\/05\/90650451_3691296937610966_5494988386932359168_n.jpg 960w, https:\/\/novembro.pt\/portal\/wp-content\/uploads\/2021\/05\/90650451_3691296937610966_5494988386932359168_n-300x300.jpg 300w, https:\/\/novembro.pt\/portal\/wp-content\/uploads\/2021\/05\/90650451_3691296937610966_5494988386932359168_n-150x150.jpg 150w, https:\/\/novembro.pt\/portal\/wp-content\/uploads\/2021\/05\/90650451_3691296937610966_5494988386932359168_n-768x768.jpg 768w, https:\/\/novembro.pt\/portal\/wp-content\/uploads\/2021\/05\/90650451_3691296937610966_5494988386932359168_n-800x800.jpg 800w, https:\/\/novembro.pt\/portal\/wp-content\/uploads\/2021\/05\/90650451_3691296937610966_5494988386932359168_n-400x400.jpg 400w, https:\/\/novembro.pt\/portal\/wp-content\/uploads\/2021\/05\/90650451_3691296937610966_5494988386932359168_n-270x270.jpg 270w\" sizes=\"(max-width: 960px) 100vw, 960px\" \/>\t\t\t\t\t\t\t\t\t\t\t\t\t\t\t<\/div>\n\t\t\t\t<\/div>\n\t\t\t\t\t<\/div>\n\t\t<\/div>\n\t\t\t\t<div class=\"elementor-column elementor-col-50 elementor-top-column elementor-element elementor-element-00434e1\" data-id=\"00434e1\" data-element_type=\"column\" data-e-type=\"column\">\n\t\t\t<div class=\"elementor-widget-wrap elementor-element-populated\">\n\t\t\t\t\t\t<div class=\"elementor-element elementor-element-f072c86 elementor-widget__width-inherit elementor-absolute elementor-widget elementor-widget-shortcode\" data-id=\"f072c86\" data-element_type=\"widget\" data-e-type=\"widget\" data-settings=\"{&quot;_position&quot;:&quot;absolute&quot;}\" data-widget_type=\"shortcode.default\">\n\t\t\t\t<div class=\"elementor-widget-container\">\n\t\t\t\t\t\t\t<div class=\"elementor-shortcode\"><h2><b><a href=\"http:\/\/novembro.pt\/portal\/wp-content\/uploads\/2021\/05\/DOSSIER_novembro-educa.pdf\">DOSSIER<\/a><\/h2><\/div>\n\t\t\t\t\t\t<\/div>\n\t\t\t\t<\/div>\n\t\t\t\t\t<\/div>\n\t\t<\/div>\n\t\t\t\t\t<\/div>\n\t\t<\/section>\n\t\t\t\t<\/div>\n\t\t","protected":false},"excerpt":{"rendered":"<p>Desde 2007 que a Editorial Novembro, chancela do Grupo de Comunica\u00e7\u00e3o Novembro, tem vindo a desenvolver a\u00e7\u00f5es de \u00e2mbito cultural, que, sendo multidisciplinares, t\u00eam desenvolvido projetos de multiculturalidade e interculturalidade, em Portugal e em pa\u00edses da Lusofonia, no que respeita ao desenvolvimento sustent\u00e1vel no sector&#8230;<\/p>\n","protected":false},"author":4,"featured_media":0,"parent":0,"menu_order":0,"comment_status":"closed","ping_status":"closed","template":"","meta":{"footnotes":""},"class_list":["post-5829","page","type-page","status-publish","hentry"],"_links":{"self":[{"href":"https:\/\/novembro.pt\/portal\/index.php?rest_route=\/wp\/v2\/pages\/5829","targetHints":{"allow":["GET"]}}],"collection":[{"href":"https:\/\/novembro.pt\/portal\/index.php?rest_route=\/wp\/v2\/pages"}],"about":[{"href":"https:\/\/novembro.pt\/portal\/index.php?rest_route=\/wp\/v2\/types\/page"}],"author":[{"embeddable":true,"href":"https:\/\/novembro.pt\/portal\/index.php?rest_route=\/wp\/v2\/users\/4"}],"replies":[{"embeddable":true,"href":"https:\/\/novembro.pt\/portal\/index.php?rest_route=%2Fwp%2Fv2%2Fcomments&post=5829"}],"version-history":[{"count":11,"href":"https:\/\/novembro.pt\/portal\/index.php?rest_route=\/wp\/v2\/pages\/5829\/revisions"}],"predecessor-version":[{"id":8158,"href":"https:\/\/novembro.pt\/portal\/index.php?rest_route=\/wp\/v2\/pages\/5829\/revisions\/8158"}],"wp:attachment":[{"href":"https:\/\/novembro.pt\/portal\/index.php?rest_route=%2Fwp%2Fv2%2Fmedia&parent=5829"}],"curies":[{"name":"wp","href":"https:\/\/api.w.org\/{rel}","templated":true}]}}